{"id":4144,"date":"2020-11-12T11:19:01","date_gmt":"2020-11-12T11:19:01","guid":{"rendered":"https:\/\/pruebas.tiwmo.es\/?page_id=4144"},"modified":"2022-05-02T14:35:44","modified_gmt":"2022-05-02T14:35:44","slug":"atencion-al-cliente","status":"publish","type":"page","link":"https:\/\/tiwmo.es\/en\/atencion-al-cliente","title":{"rendered":"Contact"},"content":{"rendered":"<section class=\"switchable imagebg space--xlg\" data-overlay=\"4\">\n        <div class=\"background-image-holder\"> <img alt=\"\" src=\"https:\/\/tiwmo.es\/wp-content\/uploads\/2020\/11\/1354-scaled-1.jpg\"> <\/div>\n        <div class=\"container\">\n            <div class=\"row\">\n                <div class=\"col-sm-5\">\n                    <p class=\"lead\">Oscar Wang<br>Sales &amp; Marketing Manager (For English speaker) <br>\nAdd: F13, Greenland ZhiHai Building, JinYe road 6#, Xi'an, ShaanXi, China.<br>Tel:0086 29 65659717<br>Mobile: 0086 13609151074<br>Fax: 0086 29 65659710 <br>\nwll@tiwmo.com<\/p>\n                <\/div>\n                <div class=\"col-sm-6 col-xs-12\">\n                    <div class=\"row\">\n                        <div class=\"cf7-holder\"> \n<div class=\"wpcf7 no-js\" id=\"wpcf7-f6-o1\" lang=\"es-ES\" dir=\"ltr\" data-wpcf7-id=\"6\">\n<div class=\"screen-reader-response\"><p role=\"status\" aria-live=\"polite\" aria-atomic=\"true\"><\/p> <ul><\/ul><\/div>\n<form action=\"\/en\/wp-json\/wp\/v2\/pages\/4144#wpcf7-f6-o1\" method=\"post\" class=\"wpcf7-form init\" aria-label=\"Formulario de contacto\" novalidate=\"novalidate\" data-status=\"init\" data-trp-original-action=\"\/en\/wp-json\/wp\/v2\/pages\/4144#wpcf7-f6-o1\">\n<div style=\"display: none;\">\n<input type=\"hidden\" name=\"_wpcf7\" value=\"6\" \/>\n<input type=\"hidden\" name=\"_wpcf7_version\" value=\"6.0.4\" \/>\n<input type=\"hidden\" name=\"_wpcf7_locale\" value=\"es_ES\" \/>\n<input type=\"hidden\" name=\"_wpcf7_unit_tag\" value=\"wpcf7-f6-o1\" \/>\n<input type=\"hidden\" name=\"_wpcf7_container_post\" value=\"0\" \/>\n<input type=\"hidden\" name=\"_wpcf7_posted_data_hash\" value=\"\" \/>\n<input type=\"hidden\" name=\"_wpcf7_recaptcha_response\" value=\"\" \/>\n<\/div>\n<p><label> Name (required)<br \/>\n<span class=\"wpcf7-form-control-wrap\" data-name=\"your-name\"><input size=\"90\" maxlength=\"100\" class=\"wpcf7-form-control wpcf7-text wpcf7-validates-as-required nombre-form\" aria-required=\"true\" aria-invalid=\"false\" value=\"\" type=\"text\" name=\"your-name\" \/><\/span> <\/label>\n<\/p>\n<p><label> E-mail (required)<br \/>\n<span class=\"wpcf7-form-control-wrap\" data-name=\"your-email\"><input size=\"90\" maxlength=\"100\" class=\"wpcf7-form-control wpcf7-email wpcf7-validates-as-required wpcf7-text wpcf7-validates-as-email email-form\" aria-required=\"true\" aria-invalid=\"false\" value=\"\" type=\"email\" name=\"your-email\" \/><\/span> <\/label>\n<\/p>\n<p><label> Phone<br \/>\n<span class=\"wpcf7-form-control-wrap\" data-name=\"your-subject\"><input size=\"90\" maxlength=\"100\" class=\"wpcf7-form-control wpcf7-text asunto-form\" aria-invalid=\"false\" value=\"\" type=\"text\" name=\"your-subject\" \/><\/span> <\/label>\n<\/p>\n<p><label> Message<br \/>\n<span class=\"wpcf7-form-control-wrap\" data-name=\"your-message\"><textarea cols=\"90\" rows=\"10\" maxlength=\"2000\" class=\"wpcf7-form-control wpcf7-textarea mensaje-form\" aria-invalid=\"false\" name=\"your-message\"><\/textarea><\/span> <\/label>\n<\/p>\n<p><span class=\"wpcf7-form-control-wrap\" data-name=\"acceptance-135\"><span class=\"wpcf7-form-control wpcf7-acceptance\"><span class=\"wpcf7-list-item\"><label><label><\/label><input type=\"checkbox\" name=\"acceptance-135\" value=\"1\" class=\"compliance\" id=\"compliance\" aria-invalid=\"false\" \/><span class=\"wpcf7-list-item-label\">I accept the <a href=\"\/en\/aviso-legal\/\">Privacy Policy<\/a><\/span><\/label><\/span><\/span><\/span>\n<\/p>\n<p><input class=\"wpcf7-form-control wpcf7-submit has-spinner\" type=\"submit\" value=\"Submit\" \/>\n<\/p><div class=\"wpcf7-response-output\" aria-hidden=\"true\"><\/div>\n<input type=\"hidden\" name=\"trp-form-language\" value=\"en\"\/><\/form>\n<\/div>\n <\/div>\n                        <div class=\"hide-form shortcode-holder-wrapper\">\n                            \n                        <\/div>\n                    <\/div>\n                    <!--end of row-->\n                <\/div>\n            <\/div>\n            <!--end of row-->\n        <\/div>\n        <!--end of container-->\n    <\/section>","protected":false},"excerpt":{"rendered":"<p>M\u00aa VICTORIA GREGORIOSales &amp; Marketing Manager (Mercado espa\u00f1ol)Trilogia Consultores SLPh:+34 699444944mvictoria@trilogiaconsultores.com Tu nombre (obligatorio) Tu correo electr\u00f3nico (obligatorio) Tel\u00e9fono Tu mensaje Acepto&#8230;<\/p>","protected":false},"author":1,"featured_media":0,"parent":0,"menu_order":0,"comment_status":"closed","ping_status":"closed","template":"","meta":{"inline_featured_image":false,"ngg_post_thumbnail":0,"footnotes":""},"class_list":["post-4144","page","type-page","status-publish","hentry"],"yoast_head":"<!-- This site is optimized with the Yoast SEO plugin v25.5 - https:\/\/yoast.com\/wordpress\/plugins\/seo\/ -->\n<title>Atenci\u00f3n al Cliente para provisi\u00f3n de metales | Tiwmo<\/title>\n<meta name=\"description\" content=\"Datos de contacto en Espa\u00f1a del servicio de atenci\u00f3n al cliente de Tiwmo. Estamos a tu disposici\u00f3n para cualquier consulta.\" \/>\n<meta name=\"robots\" content=\"index, follow, max-snippet:-1, max-image-preview:large, max-video-preview:-1\" \/>\n<link rel=\"canonical\" href=\"https:\/\/tiwmo.es\/en\/atencion-al-cliente\/\" \/>\n<meta property=\"og:locale\" content=\"en_US\" \/>\n<meta property=\"og:type\" content=\"article\" \/>\n<meta property=\"og:title\" content=\"Atenci\u00f3n al Cliente para provisi\u00f3n de metales | Tiwmo\" \/>\n<meta property=\"og:description\" content=\"Datos de contacto en Espa\u00f1a del servicio de atenci\u00f3n al cliente de Tiwmo. Estamos a tu disposici\u00f3n para cualquier consulta.\" \/>\n<meta property=\"og:url\" content=\"https:\/\/tiwmo.es\/en\/atencion-al-cliente\/\" \/>\n<meta property=\"og:site_name\" content=\"Tiwmo\" \/>\n<meta property=\"article:modified_time\" content=\"2022-05-02T14:35:44+00:00\" \/>\n<meta name=\"twitter:card\" content=\"summary_large_image\" \/>\n<script type=\"application\/ld+json\" class=\"yoast-schema-graph\">{\"@context\":\"https:\/\/schema.org\",\"@graph\":[{\"@type\":\"WebPage\",\"@id\":\"https:\/\/tiwmo.es\/atencion-al-cliente\",\"url\":\"https:\/\/tiwmo.es\/atencion-al-cliente\",\"name\":\"Atenci\u00f3n al Cliente para provisi\u00f3n de metales | Tiwmo\",\"isPartOf\":{\"@id\":\"https:\/\/tiwmo.es\/#website\"},\"datePublished\":\"2020-11-12T11:19:01+00:00\",\"dateModified\":\"2022-05-02T14:35:44+00:00\",\"description\":\"Datos de contacto en Espa\u00f1a del servicio de atenci\u00f3n al cliente de Tiwmo. Estamos a tu disposici\u00f3n para cualquier consulta.\",\"breadcrumb\":{\"@id\":\"https:\/\/tiwmo.es\/atencion-al-cliente#breadcrumb\"},\"inLanguage\":\"en-US\",\"potentialAction\":[{\"@type\":\"ReadAction\",\"target\":[\"https:\/\/tiwmo.es\/atencion-al-cliente\"]}]},{\"@type\":\"BreadcrumbList\",\"@id\":\"https:\/\/tiwmo.es\/atencion-al-cliente#breadcrumb\",\"itemListElement\":[{\"@type\":\"ListItem\",\"position\":1,\"name\":\"Portada\",\"item\":\"https:\/\/tiwmo.es\/\"},{\"@type\":\"ListItem\",\"position\":2,\"name\":\"Contacto\"}]},{\"@type\":\"WebSite\",\"@id\":\"https:\/\/tiwmo.es\/#website\",\"url\":\"https:\/\/tiwmo.es\/\",\"name\":\"Tiwmo\",\"description\":\"Venta de metales no ferrosos\",\"potentialAction\":[{\"@type\":\"SearchAction\",\"target\":{\"@type\":\"EntryPoint\",\"urlTemplate\":\"https:\/\/tiwmo.es\/?s={search_term_string}\"},\"query-input\":{\"@type\":\"PropertyValueSpecification\",\"valueRequired\":true,\"valueName\":\"search_term_string\"}}],\"inLanguage\":\"en-US\"}]}<\/script>\n<!-- \/ Yoast SEO plugin. -->","yoast_head_json":{"title":"Atenci\u00f3n al Cliente para provisi\u00f3n de metales | Tiwmo","description":"Datos de contacto en Espa\u00f1a del servicio de atenci\u00f3n al cliente de Tiwmo. Estamos a tu disposici\u00f3n para cualquier consulta.","robots":{"index":"index","follow":"follow","max-snippet":"max-snippet:-1","max-image-preview":"max-image-preview:large","max-video-preview":"max-video-preview:-1"},"canonical":"https:\/\/tiwmo.es\/en\/atencion-al-cliente\/","og_locale":"en_US","og_type":"article","og_title":"Atenci\u00f3n al Cliente para provisi\u00f3n de metales | Tiwmo","og_description":"Datos de contacto en Espa\u00f1a del servicio de atenci\u00f3n al cliente de Tiwmo. Estamos a tu disposici\u00f3n para cualquier consulta.","og_url":"https:\/\/tiwmo.es\/en\/atencion-al-cliente\/","og_site_name":"Tiwmo","article_modified_time":"2022-05-02T14:35:44+00:00","twitter_card":"summary_large_image","schema":{"@context":"https:\/\/schema.org","@graph":[{"@type":"WebPage","@id":"https:\/\/tiwmo.es\/atencion-al-cliente","url":"https:\/\/tiwmo.es\/atencion-al-cliente","name":"Atenci\u00f3n al Cliente para provisi\u00f3n de metales | Tiwmo","isPartOf":{"@id":"https:\/\/tiwmo.es\/#website"},"datePublished":"2020-11-12T11:19:01+00:00","dateModified":"2022-05-02T14:35:44+00:00","description":"Datos de contacto en Espa\u00f1a del servicio de atenci\u00f3n al cliente de Tiwmo. Estamos a tu disposici\u00f3n para cualquier consulta.","breadcrumb":{"@id":"https:\/\/tiwmo.es\/atencion-al-cliente#breadcrumb"},"inLanguage":"en-US","potentialAction":[{"@type":"ReadAction","target":["https:\/\/tiwmo.es\/atencion-al-cliente"]}]},{"@type":"BreadcrumbList","@id":"https:\/\/tiwmo.es\/atencion-al-cliente#breadcrumb","itemListElement":[{"@type":"ListItem","position":1,"name":"Portada","item":"https:\/\/tiwmo.es\/"},{"@type":"ListItem","position":2,"name":"Contacto"}]},{"@type":"WebSite","@id":"https:\/\/tiwmo.es\/#website","url":"https:\/\/tiwmo.es\/","name":"Tiwmo","description":"Venta de metales no ferrosos","potentialAction":[{"@type":"SearchAction","target":{"@type":"EntryPoint","urlTemplate":"https:\/\/tiwmo.es\/?s={search_term_string}"},"query-input":{"@type":"PropertyValueSpecification","valueRequired":true,"valueName":"search_term_string"}}],"inLanguage":"en-US"}]}},"_links":{"self":[{"href":"https:\/\/tiwmo.es\/en\/wp-json\/wp\/v2\/pages\/4144","targetHints":{"allow":["GET"]}}],"collection":[{"href":"https:\/\/tiwmo.es\/en\/wp-json\/wp\/v2\/pages"}],"about":[{"href":"https:\/\/tiwmo.es\/en\/wp-json\/wp\/v2\/types\/page"}],"author":[{"embeddable":true,"href":"https:\/\/tiwmo.es\/en\/wp-json\/wp\/v2\/users\/1"}],"replies":[{"embeddable":true,"href":"https:\/\/tiwmo.es\/en\/wp-json\/wp\/v2\/comments?post=4144"}],"version-history":[{"count":8,"href":"https:\/\/tiwmo.es\/en\/wp-json\/wp\/v2\/pages\/4144\/revisions"}],"predecessor-version":[{"id":4839,"href":"https:\/\/tiwmo.es\/en\/wp-json\/wp\/v2\/pages\/4144\/revisions\/4839"}],"wp:attachment":[{"href":"https:\/\/tiwmo.es\/en\/wp-json\/wp\/v2\/media?parent=4144"}],"curies":[{"name":"wp","href":"https:\/\/api.w.org\/{rel}","templated":true}]}}