{"id":4741,"date":"2020-11-17T11:17:28","date_gmt":"2020-11-17T11:17:28","guid":{"rendered":"https:\/\/pruebas.tiwmo.es\/niobio-y-tantalo"},"modified":"2022-05-02T14:58:41","modified_gmt":"2022-05-02T14:58:41","slug":"niobio-precio","status":"publish","type":"page","link":"https:\/\/tiwmo.es\/en\/niobio-precio","title":{"rendered":"Niobium and Tantalum"},"content":{"rendered":"<section class=\"switchable imagebg\" data-overlay=\"4\">\n        <div class=\"background-image-holder\"> <img alt=\"\" src=\"https:\/\/tiwmo.es\/wp-content\/uploads\/2020\/11\/675-scaled-1.jpg\"> <\/div>\n        <div class=\"container\">\n            <div class=\"row\">\n                <div class=\"col-sm-6 switchable__text\">\n                    <ul class=\"accordion accordion-1 accordion--oneopen\">\n                        <li class=\"active\">\n                            <div class=\"accordion__title\"><span class=\"h5\"><p>Product index<\/p><\/span><\/div>\n                            <div class=\"accordion__content\">\n                                <p>Click on the articles to move on the page<\/p><br>\n                                <ol class=\"vdw\">\n                                    <li><a href=\"#lingotes\">Tantalum \/ Niobium Ingots EBM<\/a><\/li>\n                                    <li><a href=\"#varillas\">Tantalum \/ Niobium Rods<\/a><\/li>\n                                    <li><a href=\"#alambre\">Tantalum \/ Niobium Wires<\/a><\/li>\n                                    <li><a href=\"#placas\">Tantalum and Niobium Plates \/ Sheets and Foils \/ Coils<\/a><\/li>\n                                    <li><a href=\"#tubos\">Tantalum \/ Niobium Seamless Tubes and Capillary Tubes<\/a><\/li>\n                                    <li><a href=\"#productos\">Fabricated Products<\/a><\/li>\n                                <\/ol>\n                            <\/div>\n                        <\/li>\n                        <li>\n                            <div class=\"accordion__title\"><span class=\"h5\"><p>Tantalum<\/p><\/span><\/div>\n                            <div class=\"accordion__content\">\n                                <p>Tantalum is a lustrous, blue-gray, ductile, hard metal that is highly resistant to corrosion. It is an excellent conductor of heat and electricity belongs to refractory metals. The main use of tantalum is in the production of electronic components, mainly capacitors, and some high-power resistors. It is also used to make alloys to increase strength, ductility, melting points, and corrosion resistance. Tantalum can also be used for making thin lines of sewing tissue medically. Tantalum oxide (tantalum pentoxide, Ta2O5) can\u2019t react with any acid, so it\u2019s a good coating material\u2019. Tantalum carbide (TaC) is a component of the material that is used on the cutting edges of high-speed machine tools.<\/p>\n                            <\/div>\n                        <\/li>\n                        <li>\n                            <div class=\"accordion__title\"><span class=\"h5\"><p>Niobium<\/p><\/span><\/div>\n                            <div class=\"accordion__content\">\n                                <p>Niobium is a grey, crystalline metallic element with high temperature resistance and other desirable properties for manufacturers. It is most commonly used in the creation of numerous metal alloys. Small amounts of niobium (as little as 0.1%) can significantly improve a metal\u2019s performance characteristics. Niobium is renowned for its excellent resistance to corrosion and oxidation. When exposed to air and moisture, a tenacious niobium oxide layer forms. This layer acts as a protective barrier, blocking the intrusion of additional air and moisture and, as a result, preventing the occurrence of further corrosion.<\/p>\n                                <p>Niobium is one of five refractory metals; this means it is highly resistant to extreme heat and wear.  Its 4491\u00b0F (2477\u00b0C) melting point makes this metal and its alloys ideal for high pressure and high-temperature applications. Despite niobium\u2019s relatively high melting point, its density is the lowest of all refractory metals, which can make it appealing to the aircraft and jet engine industries.<\/p>\n                            <\/div>\n                        <\/li>\n                        <li>\n                            <div class=\"accordion__title\"><span class=\"h5\"><p>ShaanXi Yi Heng<\/p><\/span><\/div>\n                            <div class=\"accordion__content\">\n                                <p>ShaanXi Yi Heng now equipped advanced EB furnace, high vacuum Annealing Furnace, plate and strip rolling mill, High precision surface grinding machine, milling machine, sawing machine and the inspection equipments. Furthermore, we customize the right products according to the needs of any client with high expected quality products and services. We mainly produce tantalum\/niobium ingots, tantalum\/ niobium sputtering targets, tantalum\/niobium plates and sheets, tantalum\/niobium strips and foils, tantalum\/niobium rods\/wires, tantalum\/niobium seamless tubes, tantalum\/niobium fabricated parts etc. The products are widely used in electronic industry, semiconductor coating industry, optical glass, anti-corrosion industry, superconductivity materials industry, military heat-resistant alloy material industry etc.<\/p>\n                            <\/div>\n                        <\/li>\n                    <\/ul>\n                    <!--end accordion-->\n                <\/div>\n                <div class=\"col-md-5 col-sm-6\"><img alt=\"\" class=\"border--round box-shadow-wide\" src=\"https:\/\/tiwmo.es\/wp-content\/uploads\/2020\/11\/Niobio.jpg\"><img alt=\"\" class=\"border--round box-shadow-wide\" src=\"https:\/\/tiwmo.es\/wp-content\/uploads\/2020\/11\/Tantalo.jpg\"><\/div>\n            <\/div>\n            <!--end of row-->\n        <\/div>\n        <!--end of container-->\n    <\/section>\n    <section>\n        <div class=\"container\">\n            <div class=\"row\">\n                <div class=\"col-sm-6\">\n                    <h1 id=\"lingotes\" style=\"text-align: left;\"><strong>Tantalum \/ Niobium Ingots EBM<\/strong><\/h1>\n                    <p>Chemistry &amp; Standard: Ta ASTM B364-92, Nb ASTM B391-96.<br>Materials:<br>Pure Ta: RO5200.<br>Ta Alloy: Ta2.5W, RO5252, Ta10W, RO5255, Ta40Nb, RO5240.<br>Pure Nb: RO4210, RO 4200.<br>Nb Alloy: Nb1Zr, RO4251, RO4261.<br>Size: \u00d870-195 1600mm.<\/p>\n                <\/div>\n                <div class=\"col-sm-6\">\n                    <div class=\"boxed boxed--lg boxed--border bg--secondary\">\n                        <p><img class=\"alignnone size-full wp-image-1220\" src=\"https:\/\/tiwmo.es\/wp-content\/uploads\/2020\/07\/NT1.bmp\" alt=\"\" width=\"852\" height=\"635\"><\/p>\n                    <\/div>\n                <\/div>\n            <\/div>\n            <!--end of row-->\n        <\/div>\n        <!--end of container-->\n    <\/section>\n    <section class=\"imagebg\" data-overlay=\"5\">\n        <div class=\"background-image-holder\"> <img alt=\"\" src=\"https:\/\/tiwmo.es\/wp-content\/uploads\/2020\/11\/675-scaled-1.jpg\"> <\/div>\n        <div class=\"container\">\n            <div class=\"row\">\n                <div class=\"col-sm-6\">\n                    <h1 id=\"varillas\" style=\"text-align: left;\"><strong>Tantalum \/ Niobium Rods<\/strong><\/h1>\n                    <p>Billets are forged by Precision Forging Machine, pickled, annealed and further to be rolled and machined. For excellent mechanical properties, the extruded rods will be manufactured separately.<br>Chemistry &amp; Standard: Ta ASTM B365-98, Nb ASTM B392-03.<\/p>\n                <\/div>\n                <div class=\"col-sm-6\">\n                    <div class=\"boxed boxed--lg boxed--border bg--secondary\">\n                        <p><img class=\"alignnone wp-image-1221 size-full\" src=\"https:\/\/tiwmo.es\/wp-content\/uploads\/2020\/07\/NT2.jpg\" alt=\"\" width=\"528\" height=\"374\"><\/p>\n                    <\/div>\n                <\/div>\n            <\/div>\n            <!--end of row-->\n        <\/div>\n        <!--end of container-->\n    <\/section>\n    <section>\n        <div class=\"container\">\n            <div class=\"row\">\n                <div class=\"col-sm-6\">\n                    <h1 id=\"alambre\" style=\"text-align: left;\"><strong>Tantalum \/ Niobium Wires<\/strong><\/h1>\n                    <p>Application: Capacitor grade tantalum wires are mainly used as the anode lead of Ta Capacitor. And niobium alloy wires are also used as the anode lead of electrolytic capacitor, but mainly used to make High-Voltage Sodium Lamp.<br>Manufacturing Steps: 6mm coils peeling drawing down to 1.0mm with drawing processing rate 6%~8% cold \/ hot drawing with annealing after each drawing pass cutting and straightening for cut to length wire cleaning and vacuum annealing spooling and packing.<br>Chemistry &amp; Standard: Ta ASTM B365-98, Nb ASTM B392-03.<br>Materials:<br>Pure Ta: RO5200.<br>Ta Alloy: Ta2.5W, Ro5252, Ta10W, RO5255, Ta40Nb, RO5240.<br>Pure Nb: RO4210, RO 4200.<br>Nb Alloy: Nb1Zr, RO4251, RO4261.<br>Size: 0.1mm ~ 3.0mm.<\/p>\n                <\/div>\n                <div class=\"col-sm-6\">\n                    <div class=\"boxed boxed--lg boxed--border bg--secondary\">\n                        <p><img class=\"alignnone size-full wp-image-1222\" src=\"https:\/\/tiwmo.es\/wp-content\/uploads\/2020\/07\/NT3.bmp\" alt=\"\" width=\"568\" height=\"626\"><\/p>\n                    <\/div>\n                <\/div>\n            <\/div>\n            <!--end of row-->\n        <\/div>\n        <!--end of container-->\n    <\/section>\n    <section class=\"imagebg\" data-overlay=\"5\">\n        <div class=\"background-image-holder\"> <img alt=\"\" src=\"https:\/\/tiwmo.es\/wp-content\/uploads\/2020\/11\/675-scaled-1.jpg\"> <\/div>\n        <div class=\"container\">\n            <div class=\"row\">\n                <div class=\"col-sm-6\">\n                    <h1 id=\"placas\" style=\"text-align: left;\"><strong>Tantalum and Niobium Plates \/ Sheets and Foils \/ Coils<\/strong><\/h1>\n                    <p>Plates\/sheets are rolled by 400mm, 600mm, 800mm, 1200mm hot and cold rolling mills.<br>Size: Thickness 0.1-5mm x Width 200-1000mm x Length 2000max.<\/p>\n                <\/div>\n                <div class=\"col-sm-6\">\n                    <div class=\"boxed boxed--lg boxed--border bg--secondary\">\n                        <p><img class=\"alignnone wp-image-1223 size-full\" src=\"https:\/\/tiwmo.es\/wp-content\/uploads\/2020\/07\/NT4.jpg\" alt=\"\" width=\"410\" height=\"308\"><\/p>\n                    <\/div>\n                <\/div>\n            <\/div>\n            <!--end of row-->\n        <\/div>\n        <!--end of container-->\n    <\/section>\n    <section>\n        <div class=\"container\">\n            <div class=\"row\">\n                <div class=\"col-sm-6\">\n                    <h1 id=\"tubos\" style=\"text-align: left;\"><strong>Tantalum \/ Niobium Seamless Tubes and Capillary Tubes<\/strong><\/h1>\n                    <p>Tubes manufactured by cold rolling process from extruded tube blanks and annealed in vacuum annealing furnace, have high quality with various outside diameter and wall thickness.<br>Chemistry &amp; Standard: Ta ASTM B521-98, Nb ASTM B394-04.<br>Materials:<\/p>\n                    <p><strong>Seamless tubes<\/strong><\/p>\n                    <p>Pure Ta: RO5200.<br>Ta Alloy: Ta2.5W, RO5252, Ta10W, RO5255, Ta40Nb, RO5240.<br>Pure Nb: RO4210, RO 4200.<br>Nb Alloy: Nb1Zr, RO4251, RO4261.<br>Size: OD3-120 mm x Wall 0.2-10 mm x length 6000 max.<\/p>\n                    <p><strong>Capillary tubes<\/strong><\/p>\n                    <p>Pure Ta: RO5200, Nb1Zr, RO4261.<br>Size: OD1-3mm x Wall 0.15-0.22mm x Length 800-1000mm.<\/p>\n                <\/div>\n                <div class=\"col-sm-6\">\n                    <div class=\"boxed boxed--lg boxed--border bg--secondary\">\n                        <p><img class=\"alignnone wp-image-1224 size-full\" src=\"https:\/\/tiwmo.es\/wp-content\/uploads\/2020\/07\/NT5.bmp\" alt=\"\" width=\"419\" height=\"439\"><\/p>\n                    <\/div>\n                <\/div>\n            <\/div>\n            <!--end of row-->\n        <\/div>\n        <!--end of container-->\n    <\/section>\n    <section class=\"imagebg\" data-overlay=\"5\">\n        <div class=\"background-image-holder\"> <img alt=\"\" src=\"https:\/\/tiwmo.es\/wp-content\/uploads\/2020\/11\/675-scaled-1.jpg\"> <\/div>\n        <div class=\"container\">\n            <div class=\"row\">\n                <div class=\"col-sm-6\">\n                    <h1 id=\"productos\" style=\"text-align: left;\"><strong>Fabricated Products<\/strong><\/h1>\n                    <p>By various techniques, including pressing, casting, forging, rolling, turning, milling, grinding, polishing etc, manufactured into rings, target, boat, crucible, screw, nut, flange, heat shield, heating unit etc.<br>Size: According to the requirements of users.<\/p>\n                <\/div>\n                <div class=\"col-sm-6\">\n                    <div class=\"boxed boxed--lg boxed--border bg--secondary\">\n                        <p><img class=\"alignnone size-full wp-image-1226\" src=\"https:\/\/tiwmo.es\/wp-content\/uploads\/2020\/07\/NT7.bmp\" alt=\"\" width=\"882\" height=\"588\"><\/p>\n                    <\/div>\n                <\/div>\n            <\/div>\n            <!--end of row-->\n        <\/div>\n        <!--end of container-->\n    <\/section>","protected":false},"excerpt":{"rendered":"<p>\u00cdndice de productos Haz clic en los art\u00edculos para moverte en la p\u00e1gina Lingotes de t\u00e1ntalo\/niobio EBM Varillas de t\u00e1ntalo\/niobio Alambres de&#8230;<\/p>","protected":false},"author":1,"featured_media":0,"parent":0,"menu_order":0,"comment_status":"closed","ping_status":"closed","template":"","meta":{"inline_featured_image":false,"ngg_post_thumbnail":0,"footnotes":""},"class_list":["post-4741","page","type-page","status-publish","hentry"],"yoast_head":"<!-- This site is optimized with the Yoast SEO plugin v25.5 - https:\/\/yoast.com\/wordpress\/plugins\/seo\/ -->\n<title>Productos de niobio y t\u00e1ntalo | Tiwmo<\/title>\n<meta name=\"description\" content=\"Nuestros productos de niobio y de t\u00e1ntalo est\u00e1n personalizados de acuerdo con las necesidades de cualquier cliente.\" \/>\n<meta name=\"robots\" content=\"index, follow, max-snippet:-1, max-image-preview:large, max-video-preview:-1\" \/>\n<link rel=\"canonical\" href=\"https:\/\/tiwmo.es\/en\/niobio-precio\/\" \/>\n<meta property=\"og:locale\" content=\"en_US\" \/>\n<meta property=\"og:type\" content=\"article\" \/>\n<meta property=\"og:title\" content=\"Productos de niobio y t\u00e1ntalo | Tiwmo\" \/>\n<meta property=\"og:description\" content=\"Nuestros productos de niobio y de t\u00e1ntalo est\u00e1n personalizados de acuerdo con las necesidades de cualquier cliente.\" \/>\n<meta property=\"og:url\" content=\"https:\/\/tiwmo.es\/en\/niobio-precio\/\" \/>\n<meta property=\"og:site_name\" content=\"Tiwmo\" \/>\n<meta property=\"article:modified_time\" content=\"2022-05-02T14:58:41+00:00\" \/>\n<meta name=\"twitter:card\" content=\"summary_large_image\" \/>\n<script type=\"application\/ld+json\" class=\"yoast-schema-graph\">{\"@context\":\"https:\/\/schema.org\",\"@graph\":[{\"@type\":\"WebPage\",\"@id\":\"https:\/\/tiwmo.es\/niobio-precio\",\"url\":\"https:\/\/tiwmo.es\/niobio-precio\",\"name\":\"Productos de niobio y t\u00e1ntalo | Tiwmo\",\"isPartOf\":{\"@id\":\"https:\/\/tiwmo.es\/#website\"},\"datePublished\":\"2020-11-17T11:17:28+00:00\",\"dateModified\":\"2022-05-02T14:58:41+00:00\",\"description\":\"Nuestros productos de niobio y de t\u00e1ntalo est\u00e1n personalizados de acuerdo con las necesidades de cualquier cliente.\",\"breadcrumb\":{\"@id\":\"https:\/\/tiwmo.es\/niobio-precio#breadcrumb\"},\"inLanguage\":\"en-US\",\"potentialAction\":[{\"@type\":\"ReadAction\",\"target\":[\"https:\/\/tiwmo.es\/niobio-precio\"]}]},{\"@type\":\"BreadcrumbList\",\"@id\":\"https:\/\/tiwmo.es\/niobio-precio#breadcrumb\",\"itemListElement\":[{\"@type\":\"ListItem\",\"position\":1,\"name\":\"Portada\",\"item\":\"https:\/\/tiwmo.es\/\"},{\"@type\":\"ListItem\",\"position\":2,\"name\":\"Niobio y T\u00e1ntalo\"}]},{\"@type\":\"WebSite\",\"@id\":\"https:\/\/tiwmo.es\/#website\",\"url\":\"https:\/\/tiwmo.es\/\",\"name\":\"Tiwmo\",\"description\":\"Venta de metales no ferrosos\",\"potentialAction\":[{\"@type\":\"SearchAction\",\"target\":{\"@type\":\"EntryPoint\",\"urlTemplate\":\"https:\/\/tiwmo.es\/?s={search_term_string}\"},\"query-input\":{\"@type\":\"PropertyValueSpecification\",\"valueRequired\":true,\"valueName\":\"search_term_string\"}}],\"inLanguage\":\"en-US\"}]}<\/script>\n<!-- \/ Yoast SEO plugin. -->","yoast_head_json":{"title":"Productos de niobio y t\u00e1ntalo | Tiwmo","description":"Nuestros productos de niobio y de t\u00e1ntalo est\u00e1n personalizados de acuerdo con las necesidades de cualquier cliente.","robots":{"index":"index","follow":"follow","max-snippet":"max-snippet:-1","max-image-preview":"max-image-preview:large","max-video-preview":"max-video-preview:-1"},"canonical":"https:\/\/tiwmo.es\/en\/niobio-precio\/","og_locale":"en_US","og_type":"article","og_title":"Productos de niobio y t\u00e1ntalo | Tiwmo","og_description":"Nuestros productos de niobio y de t\u00e1ntalo est\u00e1n personalizados de acuerdo con las necesidades de cualquier cliente.","og_url":"https:\/\/tiwmo.es\/en\/niobio-precio\/","og_site_name":"Tiwmo","article_modified_time":"2022-05-02T14:58:41+00:00","twitter_card":"summary_large_image","schema":{"@context":"https:\/\/schema.org","@graph":[{"@type":"WebPage","@id":"https:\/\/tiwmo.es\/niobio-precio","url":"https:\/\/tiwmo.es\/niobio-precio","name":"Productos de niobio y t\u00e1ntalo | Tiwmo","isPartOf":{"@id":"https:\/\/tiwmo.es\/#website"},"datePublished":"2020-11-17T11:17:28+00:00","dateModified":"2022-05-02T14:58:41+00:00","description":"Nuestros productos de niobio y de t\u00e1ntalo est\u00e1n personalizados de acuerdo con las necesidades de cualquier cliente.","breadcrumb":{"@id":"https:\/\/tiwmo.es\/niobio-precio#breadcrumb"},"inLanguage":"en-US","potentialAction":[{"@type":"ReadAction","target":["https:\/\/tiwmo.es\/niobio-precio"]}]},{"@type":"BreadcrumbList","@id":"https:\/\/tiwmo.es\/niobio-precio#breadcrumb","itemListElement":[{"@type":"ListItem","position":1,"name":"Portada","item":"https:\/\/tiwmo.es\/"},{"@type":"ListItem","position":2,"name":"Niobio y T\u00e1ntalo"}]},{"@type":"WebSite","@id":"https:\/\/tiwmo.es\/#website","url":"https:\/\/tiwmo.es\/","name":"Tiwmo","description":"Venta de metales no ferrosos","potentialAction":[{"@type":"SearchAction","target":{"@type":"EntryPoint","urlTemplate":"https:\/\/tiwmo.es\/?s={search_term_string}"},"query-input":{"@type":"PropertyValueSpecification","valueRequired":true,"valueName":"search_term_string"}}],"inLanguage":"en-US"}]}},"_links":{"self":[{"href":"https:\/\/tiwmo.es\/en\/wp-json\/wp\/v2\/pages\/4741","targetHints":{"allow":["GET"]}}],"collection":[{"href":"https:\/\/tiwmo.es\/en\/wp-json\/wp\/v2\/pages"}],"about":[{"href":"https:\/\/tiwmo.es\/en\/wp-json\/wp\/v2\/types\/page"}],"author":[{"embeddable":true,"href":"https:\/\/tiwmo.es\/en\/wp-json\/wp\/v2\/users\/1"}],"replies":[{"embeddable":true,"href":"https:\/\/tiwmo.es\/en\/wp-json\/wp\/v2\/comments?post=4741"}],"version-history":[{"count":10,"href":"https:\/\/tiwmo.es\/en\/wp-json\/wp\/v2\/pages\/4741\/revisions"}],"predecessor-version":[{"id":4843,"href":"https:\/\/tiwmo.es\/en\/wp-json\/wp\/v2\/pages\/4741\/revisions\/4843"}],"wp:attachment":[{"href":"https:\/\/tiwmo.es\/en\/wp-json\/wp\/v2\/media?parent=4741"}],"curies":[{"name":"wp","href":"https:\/\/api.w.org\/{rel}","templated":true}]}}