{"id":664,"date":"2017-03-26T21:32:51","date_gmt":"2017-03-26T21:32:51","guid":{"rendered":"http:\/\/stack-variant.tommusdemos.wpengine.com\/?page_id=664"},"modified":"2025-09-10T09:28:04","modified_gmt":"2025-09-10T09:28:04","slug":"venta-de-metales","status":"publish","type":"page","link":"https:\/\/tiwmo.es\/en\/","title":{"rendered":"Home"},"content":{"rendered":"<section class=\"cover imagebg parallax text-center height-100 image--light\" data-overlay=\"2\">\n        <div class=\"background-image-holder background--top\"><img alt=\"\" src=\"https:\/\/tiwmo.es\/wp-content\/uploads\/2020\/11\/14266-scaled-1.jpg\"><\/div>\n        <div class=\"container pos-vertical-center\">\n            <div class=\"row\">\n                <div class=\"col-sm-8\">\n                    \n                        <p><img class=\"size-full wp-image-4124 aligncenter\" src=\"https:\/\/tiwmo.es\/wp-content\/uploads\/2020\/11\/Logo-Compania.fw_-300x278-1.png\" alt=\"\" width=\"300\" height=\"278\"><\/p>\n                        <p><a class=\"btn btn--primary type--uppercase\" title=\"\" href=\"https:\/\/tiwmo.es\/en\/fabricantes-titanio\" target=\"\"><span class=\"btn__text\">About Us<\/span><\/a><a class=\"btn type--uppercase\" title=\"\" href=\"https:\/\/tiwmo.es\/en\/productos\" target=\"\"><span class=\"btn__text\">Our Products<\/span><\/a><\/p>\n                    \n                <\/div>\n            <\/div>\n            <!--end of row-->\n        <\/div>\n        <!--end of container-->\n    <\/section>\n    <section class=\"imageblock switchable feature-large\">\n        <div class=\"imageblock__content col-md-6 col-sm-4 pos-right\">\n            <div class=\"background-image-holder\"> <img alt=\"Tiwmo - ShaanXi YI Heng Non Ferrous Metals Ltd &amp; Co\" src=\"https:\/\/tiwmo.es\/wp-content\/uploads\/2024\/10\/MG_7345-scaled.jpg\"> <\/div>\n        <\/div>\n        <div class=\"container\">\n            <div class=\"row\">\n                <div class=\"col-md-5 col-sm-7\">\n                    <h2 id=\"cominfo\"><strong>ShaanXi Yi Heng<\/strong><\/h2>\n                    <p align=\"justify\">In ShaanXi Yi Heng you will find a close family business with more than 20 years dedicated to investment and development. We have 3 factories specialized in the fusion, forging, rolling, alloying and machining of <strong>titanium<\/strong>, our star product. We also work with other materials such as molybdenum, tungsten, tantalum and niobium, as well as their alloys.<\/p>\n                    <p align=\"justify\">Our products are being used successfully in the aerospace industry, aviation, navigation, military industry, medical service and chemical industry in the US. Japan, Spain, Germany, France, Italy, the Netherlands.<\/p>\n                    <p align=\"justify\"><em>The need of our customers is our need<\/em>.<\/p>\n                <\/div>\n            <\/div>\n            <!--end of row-->\n        <\/div>\n        <!--end of container-->\n    <\/section>\n    <section class=\"text-center  space--xxs bg--secondary\">\n        <div class=\"container\">\n            <div class=\"row\">\n                <div class=\"col-sm-10 col-md-8\">\n                    <h1 id=\"productos\">Our Products:<\/h1>\n                <\/div>\n            <\/div>\n            <!--end of row-->\n        <\/div>\n        <!--end of container-->\n    <\/section>\n    <section class=\"imagebg\" data-overlay=\"5\">\n        <div class=\"background-image-holder\"> <img alt=\"\" src=\"https:\/\/tiwmo.es\/wp-content\/uploads\/2020\/11\/675-scaled-1.jpg\"> <\/div>\n        <div class=\"container\">\n            <div class=\"row\">\n                <div class=\"col-sm-6\">\n                    <h1 id=\"herramientas\"><strong>Tungsten carbide cutting tools<\/strong><\/h1>\n                    <h2>INDEXABLE INSERTS<\/h2>\n                    <h3><span style=\"color: #00ccff;\"><a class=\"color--secondary color--primary\" style=\"color: #00ccff;\" href=\"https:\/\/tiwmo.es\/wp-content\/uploads\/2025\/09\/Yiheng-Tunsgten-carbide-cutting-tools.pdf\">New Catalogue of tungsten carbide cutting tools<\/a><\/span><span style=\"color: #000000;\"> <\/span><\/h3><a class=\"btn btn--primary type--uppercase\" title=\"\" href=\"https:\/\/tiwmo.es\/en\/yiheng-tunsgten-carbide-cutting-tools\" target=\"_blank\" rel=\"noopener\"><span class=\"btn__text\">DOWNLOAD<\/span><\/a>\n                    <p>&nbsp;<\/p>\n                    <p><img class=\"alignnone size-full wp-image-4881\" src=\"https:\/\/tiwmo.es\/wp-content\/uploads\/2025\/09\/Tungsten-carbide-cutting-tools.png\" alt=\"Herramientas de corte de Carburo de Tungsteno - Tiwmo.es\" width=\"456\" height=\"398\"><\/p>\n                <\/div>\n                <div class=\"col-sm-6\">\n                    <div class=\"boxed boxed--lg boxed--border bg--secondary\">\n                        <p>Shaanxi Yi Heng is a leading supplier of high-performance cemented carbide (tungsten carbide) cutting tool inserts. We are dedicated to empowering manufacturers worldwide by providing cutting-edge, reliable, and cost-effective solutions for the most demanding machining applications.<\/p>\n                        <p>Leveraging deep expertise in advanced materials science, precision engineering, and cutting-edge coating technologies (including CVD, PVD, and specialized surface treatments), we design and produce a comprehensive range of inserts. Our portfolio encompasses geometries and grades optimized for:<\/p>\n                        <p>* Turning, Milling, Grooving &amp; Threading,drilling<\/p>\n                        <p>* Roughing, Finishing &amp; High-Speed Machining (HSM)<\/p>\n                        <p>* Machining a vast array of materials: Steel, Stainless Steel, Cast Iron, Superalloys, Non-Ferrous Metals, Composites, and more.<\/p>\n                        <p>Every ShaanXi Yi Heng's insert is manufactured under stringent quality control standards using state-of-the-art CNC grinding and coating facilities.<\/p>\n                        <p>Supported by our global network and dedicated technical service team, we provide application-specific solutions and expert guidance. Partner with Shaanxi Yi Heng Non-Ferrous Metals Industries Co., Ltd to experience the difference that precision-engineered cemented carbide inserts make in boosting your machining efficiency, quality, and profitability.<\/p>\n                    <\/div>\n                <\/div>\n            <\/div>\n            <!--end of row-->\n        <\/div>\n        <!--end of container-->\n    <\/section>\n    <section class=\"text-center imagebg\" data-overlay=\"4\">\n        <div class=\"background-image-holder\"> <img alt=\"\" src=\"https:\/\/tiwmo.es\/wp-content\/uploads\/2020\/11\/1354-scaled-1.jpg\"> <\/div>\n        <div class=\"container\">\n            <div class=\"row\">\n                <div class=\"col-sm-10 col-md-8\">\n                    <h2 style=\"text-align: center;\"><strong>Indexable Inserts<\/strong><\/h2>\n                <\/div>\n            <\/div>\n            <!--end of row-->\n        <\/div>\n        <!--end of container-->\n    <\/section>\n    <section class=\"imagebg\" data-overlay=\"5\">\n        <div class=\"background-image-holder\"> <img alt=\"\" src=\"https:\/\/tiwmo.es\/wp-content\/uploads\/2020\/11\/675-scaled-1.jpg\"> <\/div>\n        <div class=\"container\">\n            <div class=\"row\">\n                <div class=\"col-sm-4\">\n                    <div class=\"feature\">\n                        <h3 style=\"text-align: center;\"><span style=\"color: #ffffff;\"><strong><a style=\"color: #ffffff;\" href=\"https:\/\/tiwmo.es\/wp-content\/uploads\/2025\/09\/Turning-Inserts-Yiheng-Tunsgten-carbide-cutting-tools.pdf\" target=\"_blank\" rel=\"noopener\">Turning inserts<\/a><\/strong><\/span><\/h3>\n                        <a href=\"https:\/\/tiwmo.es\/en\/turning-inserts-yiheng-tunsgten-carbide-cutting-tools\" target=\"_blank\" rel=\"noopener\"><img class=\"alignnone size-full wp-image-4884 aligncenter\" src=\"https:\/\/tiwmo.es\/wp-content\/uploads\/2025\/09\/Plaquitas-para-torneado.png\" alt=\"plaquitas para torneado-Tiwmo-ShaanXi Yiheng\" width=\"1009\" height=\"494\"><\/a>\n                    <\/div>\n                <\/div>\n                <div class=\"col-sm-4\">\n                    <div class=\"feature\">\n                        <h3 style=\"text-align: center;\"><span style=\"color: #ffffff;\"><strong><a style=\"color: #ffffff;\" href=\"https:\/\/tiwmo.es\/wp-content\/uploads\/2025\/09\/Milling-Insert-Yiheng-Tunsgten-carbide-cutting-tools.pdf\" target=\"_blank\" rel=\"noopener\">Milling inserts<\/a><\/strong><\/span><\/h3>\n                        <h4>\n                            <a href=\"https:\/\/tiwmo.es\/en\/milling-insert-yiheng-tunsgten-carbide-cutting-tools\" target=\"_blank\" rel=\"noopener\"><img class=\"alignnone size-full wp-image-4886 aligncenter\" src=\"https:\/\/tiwmo.es\/wp-content\/uploads\/2025\/09\/Plaquitas-para-fresado.png\" alt=\"plaquitas para fresado-Tiwmo-ShaanXi Yiheng\" width=\"1024\" height=\"592\"><\/a>\n                        <\/h4>\n                    <\/div>\n                <\/div>\n                <div class=\"col-sm-4\">\n                    <div class=\"feature\">\n                        <h3 style=\"text-align: center;\"><span style=\"color: #ffffff;\"><strong><a style=\"color: #ffffff;\" href=\"https:\/\/tiwmo.es\/wp-content\/uploads\/2025\/09\/Threading-Inserts-Parting-Grooving-Inserts-Yiheng-Tunsgten-carbide-cutting-tools.pdf\" target=\"_blank\" rel=\"noopener\">Threading Inserts Parting &amp; Grooving inserts<\/a><\/strong><\/span><\/h3>\n                        <a href=\"https:\/\/tiwmo.es\/en\/threading-inserts-parting-grooving-inserts-yiheng-tunsgten-carbide-cutting-tools\" target=\"_blank\" rel=\"noopener\"><img class=\"alignnone size-full wp-image-4888 aligncenter\" src=\"https:\/\/tiwmo.es\/wp-content\/uploads\/2025\/09\/Plaquitas-para-roscado-trenzado-ranurado.png\" alt=\"plaquitas para roscado-trenzado-ranurado-Tiwmo-ShaanXi Yiheng\" width=\"1030\" height=\"501\"><\/a>\n                    <\/div>\n                <\/div>\n                <div class=\"col-sm-4\">\n                    <div class=\"feature\">\n                        <h3 style=\"text-align: center;\"><span style=\"color: #ffffff;\"><strong><span><a style=\"color: #ffffff;\" href=\"https:\/\/tiwmo.es\/wp-content\/uploads\/2025\/09\/Drilling-Inserts-Yiheng-Tunsgten-carbide-cutting-tools.pdf\" target=\"_blank\" rel=\"noopener\">Drilling inserts<\/a><\/span><\/strong>\n                            <\/span>\n                        <\/h3>\n                        <a href=\"https:\/\/tiwmo.es\/en\/drilling-inserts-yiheng-tunsgten-carbide-cutting-tools\" target=\"_blank\" rel=\"noopener\"><img class=\"alignnone size-full wp-image-4890 aligncenter\" src=\"https:\/\/tiwmo.es\/wp-content\/uploads\/2025\/09\/Plaquitas-para-taladrado.png\" alt=\"plaquitas para taladrado-Tiwmo-ShaanXi Yiheng\" width=\"998\" height=\"336\"><\/a>\n                    <\/div>\n                <\/div>\n            <\/div>\n            <!--end of row-->\n        <\/div>\n        <!--end of container-->\n    <\/section>\n    <section class=\"imageblock switchable feature-large  switchable--switch bg--secondary space--xxs\">\n        <div class=\"imageblock__content col-md-6 col-sm-4 pos-right\">\n            <div class=\"background-image-holder\"> <img alt=\"Tiwmo - Materiales hechos con Titanio\" src=\"https:\/\/tiwmo.es\/wp-content\/uploads\/2024\/10\/DSC01357-scaled.jpg\"> <\/div>\n        <\/div>\n        <div class=\"container\">\n            <div class=\"row\">\n                <div class=\"col-md-5 col-sm-7\">\n                    <h2><strong>Titanium<\/strong><span style=\"color: #333333;\"><strong><sup>\u2605<\/sup><\/strong><\/span><\/h2>\n                    <p align=\"justify\">Titanium is a silver-looking chemical element and belongs to the group of transition metals, being solid in its natural form. Titanium's atomic number is 22. The chemical symbol is Ti. The melting point is 1941 K\u00ba or 1668.85 C\u00ba. The boiling point is 3560 K\u00ba or 3287.85 C\u00ba. Its great resistance allows it to be used in sectors such as the arms industry, the chemical industry, the automobile industry and jewelry.<\/p><a class=\"btn type--uppercase\" style=\"margin-top: 40px;\" title=\"\" href=\"https:\/\/tiwmo.es\/en\/productos-hechos-titanio\" target=\"\"><span class=\"btn__text\">Show more...<\/span><\/a><\/div>\n            <\/div>\n            <!--end of row-->\n        <\/div>\n        <!--end of container-->\n    <\/section>\n    <section class=\"imageblock switchable feature-large  bg--secondary\">\n        <div class=\"imageblock__content col-md-6 col-sm-4 pos-right\">\n            <div class=\"background-image-holder\"> <img alt=\"\" src=\"https:\/\/tiwmo.es\/wp-content\/uploads\/2020\/11\/Flotacion-Selectiva_Molibdeno.jpg\"> <\/div>\n        <\/div>\n        <div class=\"container\">\n            <div class=\"row\">\n                <div class=\"col-md-5 col-sm-7\">\n                    <h2><strong>Molybdenum<\/strong><\/h2>\n                    <p align=\"justify\">Molybdenum is a shiny silver-white metal reminiscent of tin. It has a density of 10.22 g \/ cm\u00b3 and is much lighter compared to tungsten, but with a high boiling point of 5,560 \u00b0 C and a melting point of 2,620 \u00b0 C. It is a valuable alloying agent in various steels, as it not only contributes to their toughness, but also improves the corrosion resistance and weldability of the steels.<\/p><a class=\"btn type--uppercase\" style=\"margin-top: 40px;\" title=\"\" href=\"https:\/\/tiwmo.es\/en\/molibdeno-metal\" target=\"\"><span class=\"btn__text\">Show more...<\/span><\/a><\/div>\n            <\/div>\n            <!--end of row-->\n        <\/div>\n        <!--end of container-->\n    <\/section>\n    <section class=\"imageblock switchable feature-large  switchable--switch bg--secondary\">\n        <div class=\"imageblock__content col-md-6 col-sm-4 pos-right\">\n            <div class=\"background-image-holder\"> <img alt=\"\" src=\"https:\/\/tiwmo.es\/wp-content\/uploads\/2020\/11\/Rods-Plansee.jpg\"> <\/div>\n        <\/div>\n        <div class=\"container\">\n            <div class=\"row\">\n                <div class=\"col-md-5 col-sm-7\">\n                    <h2><strong>Tungsten<\/strong><\/h2>\n                    <p align=\"justify\">The name of tungsten, also known as tungsten, means \"heavy stone\". It is a shiny, silvery, white metal whose melting point is the highest of all other non-alloy metals. It also has the highest tensile strength. Due to its hardness, it is used in heavy metal alloys for various applications, most commonly in filaments of incandescent bulbs, X-ray tubes and superalloys.<\/p><a class=\"btn type--uppercase\" style=\"margin-top: 40px;\" title=\"\" href=\"https:\/\/tiwmo.es\/en\/comprar-tungsteno\" target=\"\"><span class=\"btn__text\">Show more...<\/span><\/a><\/div>\n            <\/div>\n            <!--end of row-->\n        <\/div>\n        <!--end of container-->\n    <\/section>\n    <section class=\"imageblock switchable feature-large\">\n        <div class=\"imageblock__content col-md-6 col-sm-4 pos-right\">\n            <div class=\"background-image-holder\"> <img alt=\"\" src=\"https:\/\/tiwmo.es\/wp-content\/uploads\/2020\/11\/tantalum-56a12a765f9b58b7d0bcac48.jpg\"> <\/div>\n        <\/div>\n        <div class=\"container\">\n            <div class=\"row\">\n                <div class=\"col-md-5 col-sm-7\">\n                    <h2><strong>Niobium &amp; Tantalum<\/strong><\/h2>\n                    <p>Niobium:<\/p>\n                    <p align=\"justify\">Niobium is a ductile, grey, soft and sparse transition metal, thanks to its exceptional properties, it resists high temperatures and corrosion attacks.<\/p>\n                    <p>Tantalum:<\/p>\n                    <p align=\"justify\">It is a rare transition metal, greyish blue, hard, which has a metallic shine and resists corrosion very well. It is found in the mineral tantalite.<\/p><a class=\"btn type--uppercase\" style=\"margin-top: 40px;\" title=\"\" href=\"https:\/\/tiwmo.es\/en\/niobio-precio\" target=\"\"><span class=\"btn__text\">Show more...<\/span><\/a><\/div>\n            <\/div>\n            <!--end of row-->\n        <\/div>\n        <!--end of container-->\n    <\/section>\n    <section class=\"space--xs\">\n        <div class=\"container\">\n            <div class=\"row\">\n                <div class=\"logo-carousel slider slider--inline-arrows slider--arrows-hover text-center\" data-arrows=\"true\" data-timing=\"4000\">\n                    <ul class=\"slides\">\n                        <li class=\"col-sm-3 col-xs-6\">\n                            <p><img class=\"size-medium wp-image-4128 aligncenter\" src=\"https:\/\/tiwmo.es\/wp-content\/uploads\/2020\/11\/Logo-SGS-300x155.jpg\" alt=\"\" width=\"174\" height=\"90\"><\/p>\n                        <\/li>\n                        <li class=\"col-sm-3 col-xs-6\">\n                            <p><img class=\"size-medium wp-image-4129 aligncenter\" src=\"https:\/\/tiwmo.es\/wp-content\/uploads\/2020\/11\/512x512bb-300x300.jpg\" alt=\"\" width=\"90\" height=\"90\"><\/p>\n                        <\/li>\n                        <li class=\"col-sm-3 col-xs-6\">\n                            <p><img class=\"wp-image-4130 aligncenter\" src=\"https:\/\/tiwmo.es\/wp-content\/uploads\/2020\/11\/ISO-9001-2015-300x300.jpg\" alt=\"\" width=\"90\" height=\"90\"><\/p>\n                        <\/li>\n                        <li class=\"col-sm-3 col-xs-6\">\n                            <p><img class=\"size-full wp-image-4131 aligncenter\" src=\"https:\/\/tiwmo.es\/wp-content\/uploads\/2020\/11\/descarga.png\" alt=\"\" width=\"70\" height=\"90\"><\/p>\n                        <\/li>\n                        <li class=\"col-sm-3 col-xs-6\">\n                            <p><img class=\"size-full wp-image-4127 aligncenter\" src=\"https:\/\/tiwmo.es\/wp-content\/uploads\/2020\/11\/nace-international-logo.png\" alt=\"\" width=\"135\" height=\"90\"><\/p>\n                        <\/li>\n                    <\/ul>\n                <\/div>\n            <\/div>\n            <!--end row-->\n        <\/div>\n        <!--end of container-->\n    <\/section>\n    <section class=\"imagebg\" data-overlay=\"5\">\n        <div class=\"background-image-holder\"> <img alt=\"background\" src=\"https:\/\/tiwmo.es\/wp-content\/plugins\/Variant-WP-Page-Builder-master\/img\/placeholder.png\"> <\/div>\n        <div class=\"container\">\n            <div class=\"row\">\n                <div class=\"col-sm-12\">\n                    <h4>Meet Stack WordPress Theme<\/h4>\n                    <p class=\"lead\"> Stack is a robust, multipurpose template built with reuse and modularity at the core. Blending contemporary styling with beautiful markup, Stack forms the ideal starting point to website projects of any kind. <\/p>\n                    <p> Stack ships with over 140 content layouts, including 30 tailored niche homepages (from startup landing page to restaurant, portfolio and more) showcasing just a glimpse of what is possible with the detailed block and element library \u2014 from working social media feeds, contact forms and subscription blocks to fullscreen lightbox galleries and filterable portfolios, Stack is infinitely reusable, the ideal go-to template for your client projects. <\/p>\n                    <p> Each of Stack\u2019s 240+ interface blocks are powered by the vast collection of customisable elements. This modular system empowers developers to create their own blocks quickly and easily leaving more time for layout and interface experimentation. <\/p>\n                <\/div>\n            <\/div>\n            <!--end of row-->\n        <\/div>\n        <!--end of container-->\n    <\/section>","protected":false},"excerpt":{"rendered":"<p>Con\u00f3cenosNuestros Productos ShaanXi Yi Heng En ShaanXi Yi Heng encontrar\u00e1s una empresa familiar y cercana con m\u00e1s de 20 a\u00f1os dedicados a&#8230;<\/p>","protected":false},"author":1,"featured_media":0,"parent":0,"menu_order":0,"comment_status":"closed","ping_status":"closed","template":"","meta":{"inline_featured_image":false,"ngg_post_thumbnail":0,"footnotes":""},"class_list":["post-664","page","type-page","status-publish","hentry"],"yoast_head":"<!-- This site is optimized with the Yoast SEO plugin v25.5 - https:\/\/yoast.com\/wordpress\/plugins\/seo\/ -->\n<title>Venta de Metales no ferrosos en toda Espa\u00f1a | Tiwmo<\/title>\n<meta name=\"description\" content=\"M\u00e1s de 20 a\u00f1os dedicados a la venta de metales. Descubre lo que podemos ofrecerte como proveedores de materiales de construcci\u00f3n \u2705\" \/>\n<meta name=\"robots\" content=\"index, follow, max-snippet:-1, max-image-preview:large, max-video-preview:-1\" \/>\n<link rel=\"canonical\" href=\"https:\/\/tiwmo.es\/en\/\" \/>\n<meta property=\"og:locale\" content=\"en_US\" \/>\n<meta property=\"og:type\" content=\"article\" \/>\n<meta property=\"og:title\" content=\"Venta de Metales no ferrosos en toda Espa\u00f1a | Tiwmo\" \/>\n<meta property=\"og:description\" content=\"M\u00e1s de 20 a\u00f1os dedicados a la venta de metales. Descubre lo que podemos ofrecerte como proveedores de materiales de construcci\u00f3n \u2705\" \/>\n<meta property=\"og:url\" content=\"https:\/\/tiwmo.es\/en\/\" \/>\n<meta property=\"og:site_name\" content=\"Tiwmo\" \/>\n<meta property=\"article:modified_time\" content=\"2025-09-10T09:28:04+00:00\" \/>\n<meta name=\"twitter:card\" content=\"summary_large_image\" \/>\n<script type=\"application\/ld+json\" class=\"yoast-schema-graph\">{\"@context\":\"https:\/\/schema.org\",\"@graph\":[{\"@type\":\"WebPage\",\"@id\":\"https:\/\/tiwmo.es\/\",\"url\":\"https:\/\/tiwmo.es\/\",\"name\":\"Venta de Metales no ferrosos en toda Espa\u00f1a | Tiwmo\",\"isPartOf\":{\"@id\":\"https:\/\/tiwmo.es\/#website\"},\"datePublished\":\"2017-03-26T21:32:51+00:00\",\"dateModified\":\"2025-09-10T09:28:04+00:00\",\"description\":\"M\u00e1s de 20 a\u00f1os dedicados a la venta de metales. Descubre lo que podemos ofrecerte como proveedores de materiales de construcci\u00f3n \u2705\",\"breadcrumb\":{\"@id\":\"https:\/\/tiwmo.es\/#breadcrumb\"},\"inLanguage\":\"en-US\",\"potentialAction\":[{\"@type\":\"ReadAction\",\"target\":[\"https:\/\/tiwmo.es\/\"]}]},{\"@type\":\"BreadcrumbList\",\"@id\":\"https:\/\/tiwmo.es\/#breadcrumb\",\"itemListElement\":[{\"@type\":\"ListItem\",\"position\":1,\"name\":\"Portada\",\"item\":\"https:\/\/tiwmo.es\/\"},{\"@type\":\"ListItem\",\"position\":2,\"name\":\"Inicio\"}]},{\"@type\":\"WebSite\",\"@id\":\"https:\/\/tiwmo.es\/#website\",\"url\":\"https:\/\/tiwmo.es\/\",\"name\":\"Tiwmo\",\"description\":\"Venta de metales no ferrosos\",\"potentialAction\":[{\"@type\":\"SearchAction\",\"target\":{\"@type\":\"EntryPoint\",\"urlTemplate\":\"https:\/\/tiwmo.es\/?s={search_term_string}\"},\"query-input\":{\"@type\":\"PropertyValueSpecification\",\"valueRequired\":true,\"valueName\":\"search_term_string\"}}],\"inLanguage\":\"en-US\"}]}<\/script>\n<!-- \/ Yoast SEO plugin. -->","yoast_head_json":{"title":"Venta de Metales no ferrosos en toda Espa\u00f1a | Tiwmo","description":"M\u00e1s de 20 a\u00f1os dedicados a la venta de metales. Descubre lo que podemos ofrecerte como proveedores de materiales de construcci\u00f3n \u2705","robots":{"index":"index","follow":"follow","max-snippet":"max-snippet:-1","max-image-preview":"max-image-preview:large","max-video-preview":"max-video-preview:-1"},"canonical":"https:\/\/tiwmo.es\/en\/","og_locale":"en_US","og_type":"article","og_title":"Venta de Metales no ferrosos en toda Espa\u00f1a | Tiwmo","og_description":"M\u00e1s de 20 a\u00f1os dedicados a la venta de metales. Descubre lo que podemos ofrecerte como proveedores de materiales de construcci\u00f3n \u2705","og_url":"https:\/\/tiwmo.es\/en\/","og_site_name":"Tiwmo","article_modified_time":"2025-09-10T09:28:04+00:00","twitter_card":"summary_large_image","schema":{"@context":"https:\/\/schema.org","@graph":[{"@type":"WebPage","@id":"https:\/\/tiwmo.es\/","url":"https:\/\/tiwmo.es\/","name":"Venta de Metales no ferrosos en toda Espa\u00f1a | Tiwmo","isPartOf":{"@id":"https:\/\/tiwmo.es\/#website"},"datePublished":"2017-03-26T21:32:51+00:00","dateModified":"2025-09-10T09:28:04+00:00","description":"M\u00e1s de 20 a\u00f1os dedicados a la venta de metales. Descubre lo que podemos ofrecerte como proveedores de materiales de construcci\u00f3n \u2705","breadcrumb":{"@id":"https:\/\/tiwmo.es\/#breadcrumb"},"inLanguage":"en-US","potentialAction":[{"@type":"ReadAction","target":["https:\/\/tiwmo.es\/"]}]},{"@type":"BreadcrumbList","@id":"https:\/\/tiwmo.es\/#breadcrumb","itemListElement":[{"@type":"ListItem","position":1,"name":"Portada","item":"https:\/\/tiwmo.es\/"},{"@type":"ListItem","position":2,"name":"Inicio"}]},{"@type":"WebSite","@id":"https:\/\/tiwmo.es\/#website","url":"https:\/\/tiwmo.es\/","name":"Tiwmo","description":"Venta de metales no ferrosos","potentialAction":[{"@type":"SearchAction","target":{"@type":"EntryPoint","urlTemplate":"https:\/\/tiwmo.es\/?s={search_term_string}"},"query-input":{"@type":"PropertyValueSpecification","valueRequired":true,"valueName":"search_term_string"}}],"inLanguage":"en-US"}]}},"_links":{"self":[{"href":"https:\/\/tiwmo.es\/en\/wp-json\/wp\/v2\/pages\/664","targetHints":{"allow":["GET"]}}],"collection":[{"href":"https:\/\/tiwmo.es\/en\/wp-json\/wp\/v2\/pages"}],"about":[{"href":"https:\/\/tiwmo.es\/en\/wp-json\/wp\/v2\/types\/page"}],"author":[{"embeddable":true,"href":"https:\/\/tiwmo.es\/en\/wp-json\/wp\/v2\/users\/1"}],"replies":[{"embeddable":true,"href":"https:\/\/tiwmo.es\/en\/wp-json\/wp\/v2\/comments?post=664"}],"version-history":[{"count":17,"href":"https:\/\/tiwmo.es\/en\/wp-json\/wp\/v2\/pages\/664\/revisions"}],"predecessor-version":[{"id":4900,"href":"https:\/\/tiwmo.es\/en\/wp-json\/wp\/v2\/pages\/664\/revisions\/4900"}],"wp:attachment":[{"href":"https:\/\/tiwmo.es\/en\/wp-json\/wp\/v2\/media?parent=664"}],"curies":[{"name":"wp","href":"https:\/\/api.w.org\/{rel}","templated":true}]}}